{"id":95,"date":"2020-09-18T14:31:18","date_gmt":"2020-09-18T12:31:18","guid":{"rendered":"http:\/\/www.deltatandemflug.ch\/?post_type=product&#038;p=95"},"modified":"2025-07-09T16:11:01","modified_gmt":"2025-07-09T14:11:01","slug":"tandem-deltaplane","status":"publish","type":"product","link":"https:\/\/www.deltatandemflug.ch\/fr\/produit\/tandem-deltaplane\/","title":{"rendered":"Tandem en deltaplane"},"content":{"rendered":"<p>15 \u00e0 25min parfois plus, le matin, l&rsquo;apres midi ou le soir.<br \/>\nDur\u00e9e totale de la prestation 1H30 maximun.<br \/>\nPhotos\/vid\u00e9os en option.<br \/>\nLe point de raliement vous est envoy\u00e9 directement sur votre telephone par localisation gps la veille ou le matin du vol<\/p>\n<p><b><br \/>\nTenue vestimentaire :<\/b>\u00a0<span style=\"font-weight: 400;\">Nous vous recommandons de choisir une tenue confortable, plutot chaude et \u00e0 manches longues (n\u00e9cessaire pour les vols prestige parce que le delta peut monter jusqu\u2019\u00e0 3000m et plus&#8230;). Prenez des chaussures ferm\u00e9es type baskets ainsi que des lunettes de soleil pour profiter pleinement du panorama.<\/span><br \/>\n<b>Conditions m\u00e9t\u00e9orologiques :<\/b> <span style=\"font-weight: 400;\">Comme toutes les activit\u00e9s a\u00e9riennes, les vols sont soumis aux al\u00e9as m\u00e9t\u00e9o. Votre moniteur Nicolas fait des points m\u00e9t\u00e9o-a\u00e9rologiques quotidiens pour optimiser les cr\u00e9neaux m\u00e9t\u00e9o et r\u00e9pondre au mieux \u00e0 vos attentes. En effet, <\/span><b>la m\u00e9t\u00e9o nationale, trop g\u00e9n\u00e9raliste, ne s\u2019applique pas sur ces sites <\/b><span style=\"font-weight: 400;\">qui b\u00e9n\u00e9ficient d\u2019une a\u00e9rologie sp\u00e9cifique tr\u00e8s propice au vol libre.<\/span><\/p>\n<div dir=\"ltr\">Votre pilote Nicolas dispose des <strong>qualifications biplace professionnel Suisse et Fran\u00e7aise<\/strong>.<\/div>\n<div dir=\"ltr\">Dans le soucis permanent de vous faire b\u00e9n\u00e9ficier des meilleurs conditions de <b>vol et de securite, <\/b>3 sites sont possible : Uetliberg Uto Kulm, Uetliberg\/Balderen et Alp Scheidegg. Ces sites sont <b>a couper le souffle <\/b>gr\u00e2ce aux lac entour\u00e9s de montagnes <b>dans les 3 cas !!! <\/b>pour des raisons techniques li\u00e9e aux vents, le vol pourra \u00eatre re-program\u00e9 sur un site diff\u00e9rents de votre choix initial. la d\u00e9cision sera prise avec votre accord 2 jours avant le D-day. Dans le cas ou votre d\u00e9sir se porte uniquement sur l&rsquo;un de ces site, le vol pourra \u00eatre d\u00e9caler dans le temps pour raison technique m\u00e9t\u00e9o li\u00e9 au site en question.\u00a0\u00bb<\/div>\n","protected":false},"excerpt":{"rendered":"<p>15 \u00e0 25min parfois plus, le matin, l&rsquo;apres midi ou le soir. Dur\u00e9e totale de la prestation 1H30 maximun. Photos\/vid\u00e9os en option. Le point de raliement vous est envoy\u00e9 directement sur votre telephone par localisation gps la veille ou le matin du vol Tenue vestimentaire :\u00a0Nous vous recommandons de choisir une tenue confortable, plutot chaude [&hellip;]<\/p>\n","protected":false},"featured_media":156,"template":"","meta":{"_et_pb_use_builder":"off","_et_pb_old_content":"<b>D\u00e9roul\u00e9 :<\/b>\r\n\r\n<span style=\"font-weight: 400\">Le point de ralliement se fera \u00e0 Doussard. pr\u00e8s d\u2019Annecy. Apr\u00e8s une remont\u00e9e en navette d\u2019une vingtaine de minutes jusqu\u2019au point de d\u00e9collage de la Forclaz, vous serez \u00e9quip\u00e9 et brief\u00e9 par votre moniteur.<\/span>\r\n\r\n<b>Tenue vestimentaire :<\/b>\r\n\r\n<span style=\"font-weight: 400\">Nous vous recommandons de choisir une tenue confortable, plutot chaude et \u00e0 manches longues (n\u00e9cessaire pour les vols prestige parce que le delta peut monter jusqu\u2019\u00e0 3000m et plus...). Prenez des chaussures ferm\u00e9es type baskets ainsi que des lunettes de soleil pour profiter pleinement du panorama.<\/span>\r\n\r\n<b>Conditions m\u00e9t\u00e9orologiques :<\/b>\r\n\r\n<span style=\"font-weight: 400\">Comme toutes les activit\u00e9s a\u00e9riennes, les vols sont soumis aux al\u00e9as m\u00e9t\u00e9o. Votre moniteur Nicolas fait des points m\u00e9t\u00e9o-a\u00e9rologiques quotidiens pour optimiser les cr\u00e9neaux m\u00e9t\u00e9o et r\u00e9pondre au mieux \u00e0 vos attentes. En effet, <\/span><b>la m\u00e9t\u00e9o nationale, trop g\u00e9n\u00e9raliste, ne s\u2019applique pas sur tout le site d\u2019Annecy<\/b><span style=\"font-weight: 400\"> qui b\u00e9n\u00e9ficie d\u2019une a\u00e9rologie sp\u00e9cifique tr\u00e8s propice au vol libre. Pour toute question, vous pouvez contacter votre moniteur Nicolas<\/span>","_et_gb_content_width":""},"product_brand":[],"product_cat":[15],"product_tag":[],"class_list":{"0":"post-95","1":"product","2":"type-product","3":"status-publish","4":"has-post-thumbnail","6":"product_cat-non-classe","8":"first","9":"instock","10":"sold-individually","11":"shipping-taxable","12":"purchasable","13":"product-type-variable"},"_links":{"self":[{"href":"https:\/\/www.deltatandemflug.ch\/fr\/wp-json\/wp\/v2\/product\/95","targetHints":{"allow":["GET"]}}],"collection":[{"href":"https:\/\/www.deltatandemflug.ch\/fr\/wp-json\/wp\/v2\/product"}],"about":[{"href":"https:\/\/www.deltatandemflug.ch\/fr\/wp-json\/wp\/v2\/types\/product"}],"wp:featuredmedia":[{"embeddable":true,"href":"https:\/\/www.deltatandemflug.ch\/fr\/wp-json\/wp\/v2\/media\/156"}],"wp:attachment":[{"href":"https:\/\/www.deltatandemflug.ch\/fr\/wp-json\/wp\/v2\/media?parent=95"}],"wp:term":[{"taxonomy":"product_brand","embeddable":true,"href":"https:\/\/www.deltatandemflug.ch\/fr\/wp-json\/wp\/v2\/product_brand?post=95"},{"taxonomy":"product_cat","embeddable":true,"href":"https:\/\/www.deltatandemflug.ch\/fr\/wp-json\/wp\/v2\/product_cat?post=95"},{"taxonomy":"product_tag","embeddable":true,"href":"https:\/\/www.deltatandemflug.ch\/fr\/wp-json\/wp\/v2\/product_tag?post=95"}],"curies":[{"name":"wp","href":"https:\/\/api.w.org\/{rel}","templated":true}]}}