{"id":871,"date":"2020-09-18T14:31:18","date_gmt":"2020-09-18T12:31:18","guid":{"rendered":"https:\/\/www.deltatandemflug.ch\/produit\/deltatandemflug\/"},"modified":"2025-07-09T16:47:50","modified_gmt":"2025-07-09T14:47:50","slug":"deltatandemflug","status":"publish","type":"product","link":"https:\/\/www.deltatandemflug.ch\/de\/produit\/deltatandemflug\/","title":{"rendered":"Deltatandemflug"},"content":{"rendered":"<p>15 bis 25 Minuten, manchmal mehr \u2013 am Morgen, Nachmittag oder Abend.<br \/>\nGesamtdauer der Leistung: maximal 1 Stunde 30 Minuten.<br \/>\nFotos\/Videos optional.<br \/>\nDer Treffpunkt wird Ihnen am Vortag oder am Morgen des Flugs direkt per GPS-Standort auf Ihr Handy gesendet.<\/p>\n<p><b><br \/>\nKleidung :<\/b> <span style=\"font-weight: 400;\">Wir empfehlen Ihnen, bequeme, eher warme und lang\u00e4rmelige Kleidung zu tragen (notwendig f\u00fcr Prestigefl\u00fcge, da das Delta bis auf 3000m und h\u00f6her steigen kann&#8230;). Nehmen Sie geschlossene Schuhe wie Turnschuhe und eine Sonnenbrille mit, um das Panorama zu genie\u00dfen. <\/span><br \/>\n<b>Wetterbedingungen :<\/b> <span style=\"font-weight: 400;\">Wie bei allen Flugaktivit\u00e4ten sind die Fl\u00fcge wetterabh\u00e4ngig. Ihr Fluglehrer Nicolas f\u00fchrt t\u00e4glich Wetter- und Luftmessungen durch, um die Wetterfenster zu optimieren und Ihre Erwartungen bestm\u00f6glich zu erf\u00fcllen. In der Tat,    <\/span><b>Das nationale Wetter, das zu allgemein ist, gilt nicht f\u00fcr diese Gebiete. <\/b><span style=\"font-weight: 400;\">Hier herrscht eine spezielle Aerologie, die f\u00fcr den freien Flug sehr g\u00fcnstig ist.<\/span><\/p>\n<div dir=\"ltr\">Ihr Pilot Nicolas verf\u00fcgt \u00fcber <strong>professionelle Tandemlizenzen<\/strong> sowohl in der Schweiz als auch in Frankreich.<\/div>\n<div dir=\"ltr\">Im st\u00e4ndigen Bestreben, Ihnen die besten Flug- und Sicherheitsbedingungen zu bieten, stehen <b>drei atemberaubende Startpl\u00e4tze zur Auswahl<\/b>: <b>Uetliberg Uto Kulm, Uetliberg\/Balderen und Alp Scheidegg<\/b>. Alle drei bieten spektakul\u00e4re Ausblicke auf von Bergen umgebene Seen!<br \/>Aus technischen Gr\u00fcnden, insbesondere wegen der Windverh\u00e4ltnisse, kann der Flug auf einen anderen als den urspr\u00fcnglich gew\u00e4hlten Startplatz verlegt werden.<b> Diese Entscheidung wird zwei Tage vor dem Flugtermin in Absprache mit Ihnen getroffen<\/b>.<br \/>Falls Sie ausschlie\u00dflich an einem bestimmten Startplatz fliegen m\u00f6chten, kann der Flug aus wetterbedingten technischen Gr\u00fcnden auf einen sp\u00e4teren Zeitpunkt verschoben werden.   <\/div>\n","protected":false},"excerpt":{"rendered":"<p>15 bis 25 Minuten, manchmal mehr \u2013 am Morgen, Nachmittag oder Abend. Gesamtdauer der Leistung: maximal 1 Stunde 30 Minuten. Fotos\/Videos optional. Der Treffpunkt wird Ihnen am Vortag oder am Morgen des Flugs direkt per GPS-Standort auf Ihr Handy gesendet. Kleidung : Wir empfehlen Ihnen, bequeme, eher warme und lang\u00e4rmelige Kleidung zu tragen (notwendig f\u00fcr [&hellip;]<\/p>\n","protected":false},"featured_media":477,"template":"","meta":{"_et_pb_use_builder":"off","_et_pb_old_content":"<b>Ablauf :<\/b>\n\n<span style=\"font-weight: 400\">Der Treffpunkt befindet sich in Doussard, in der N\u00e4he von Annecy. Nach einer 20-min\u00fctigen Fahrt mit dem Shuttlebus zum Startplatz La Forclaz werden Sie von Ihrem Fluglehrer ausgestattet und eingewiesen.  <\/span>\n\n<b>Kleidung :<\/b>\n\n<span style=\"font-weight: 400\">Wir empfehlen Ihnen, bequeme, eher warme und lang\u00e4rmelige Kleidung zu tragen (notwendig f\u00fcr Prestigefl\u00fcge, da das Delta bis auf 3000m und h\u00f6her steigen kann...). Nehmen Sie geschlossene Schuhe wie Turnschuhe und eine Sonnenbrille mit, um das Panorama zu genie\u00dfen. <\/span>\n\n<b>Wetterbedingungen :<\/b>\n\n<span style=\"font-weight: 400\">Wie bei allen Flugaktivit\u00e4ten sind die Fl\u00fcge wetterabh\u00e4ngig. Ihr Fluglehrer Nicolas f\u00fchrt t\u00e4glich Wetter- und Luftmessungen durch, um die Wetterfenster zu optimieren und Ihre Erwartungen bestm\u00f6glich zu erf\u00fcllen. In der Tat,    <\/span><b>Der nationale Wetterbericht ist zu allgemein und gilt nicht f\u00fcr den gesamten Standort Annecy.<\/b><span style=\"font-weight: 400\">  der von einer speziellen Aerologie profitiert, die f\u00fcr den freien Flug sehr g\u00fcnstig ist. F\u00fcr weitere Fragen k\u00f6nnen Sie sich an Ihren Fluglehrer Nicolas wenden. <\/span>","_et_gb_content_width":""},"product_brand":[],"product_cat":[29],"product_tag":[],"class_list":{"0":"post-871","1":"product","2":"type-product","3":"status-publish","4":"has-post-thumbnail","6":"product_cat-unkategorisiert","8":"first","9":"instock","10":"sold-individually","11":"shipping-taxable","12":"purchasable","13":"product-type-variable"},"_links":{"self":[{"href":"https:\/\/www.deltatandemflug.ch\/de\/wp-json\/wp\/v2\/product\/871","targetHints":{"allow":["GET"]}}],"collection":[{"href":"https:\/\/www.deltatandemflug.ch\/de\/wp-json\/wp\/v2\/product"}],"about":[{"href":"https:\/\/www.deltatandemflug.ch\/de\/wp-json\/wp\/v2\/types\/product"}],"wp:featuredmedia":[{"embeddable":true,"href":"https:\/\/www.deltatandemflug.ch\/de\/wp-json\/wp\/v2\/media\/477"}],"wp:attachment":[{"href":"https:\/\/www.deltatandemflug.ch\/de\/wp-json\/wp\/v2\/media?parent=871"}],"wp:term":[{"taxonomy":"product_brand","embeddable":true,"href":"https:\/\/www.deltatandemflug.ch\/de\/wp-json\/wp\/v2\/product_brand?post=871"},{"taxonomy":"product_cat","embeddable":true,"href":"https:\/\/www.deltatandemflug.ch\/de\/wp-json\/wp\/v2\/product_cat?post=871"},{"taxonomy":"product_tag","embeddable":true,"href":"https:\/\/www.deltatandemflug.ch\/de\/wp-json\/wp\/v2\/product_tag?post=871"}],"curies":[{"name":"wp","href":"https:\/\/api.w.org\/{rel}","templated":true}]}}