{"id":521,"date":"2020-09-11T17:08:10","date_gmt":"2020-09-11T15:08:10","guid":{"rendered":"http:\/\/www.deltatandemflug.ch\/startseite\/"},"modified":"2025-07-09T16:51:55","modified_gmt":"2025-07-09T14:51:55","slug":"startseite","status":"publish","type":"page","link":"https:\/\/www.deltatandemflug.ch\/de\/","title":{"rendered":"Startseite"},"content":{"rendered":"<p>[et_pb_section fb_built=&#8220;1&#8243; fullwidth=&#8220;on&#8220; _builder_version=&#8220;4.16&#8243; _module_preset=&#8220;default&#8220; box_shadow_style=&#8220;preset3&#8243; global_colors_info=&#8220;{}&#8220;][et_pb_fullwidth_slider admin_label=&#8220;Curseur de d\u00e9filement plein \u00e9cran&#8220; _builder_version=&#8220;4.27.4&#8243; _module_preset=&#8220;default&#8220; background_color=&#8220;#000000&#8243; background_video_mp4=&#8220;http:\/\/www.deltatandemflug.ch\/wp-content\/uploads\/2022\/11\/introdelta.mp4&#8243; auto=&#8220;on&#8220; scroll_fade_enable=&#8220;on&#8220; hover_enabled=&#8220;0&#8243; global_colors_info=&#8220;{}&#8220; sticky_enabled=&#8220;0&#8243;][et_pb_slide heading=&#8220;Deltatandemflug&#8220; _builder_version=&#8220;4.27.4&#8243; _module_preset=&#8220;default&#8220; background_video_mp4=&#8220;http:\/\/www.deltatandemflug.ch\/wp-content\/uploads\/2022\/11\/intro_delta_1920.mp4&#8243; background_enable_video_mp4=&#8220;on&#8220; global_colors_info=&#8220;{}&#8220; sticky_transition=&#8220;on&#8220;]<\/p>\n<p>Vom einfachen Deltatandemflug bis zum Deltaflugkurs, um selbstst\u00e4ndig fliegen zu lernen.<\/p>\n<p>[\/et_pb_slide][\/et_pb_fullwidth_slider][\/et_pb_section][et_pb_section fb_built=&#8220;1&#8243; _builder_version=&#8220;4.19.2&#8243; _module_preset=&#8220;default&#8220; custom_margin=&#8220;0px||0px||false|false&#8220; custom_padding=&#8220;0px||0px||false|false&#8220; global_colors_info=&#8220;{}&#8220;][et_pb_row _builder_version=&#8220;4.18.1&#8243; _module_preset=&#8220;default&#8220; global_colors_info=&#8220;{}&#8220;][et_pb_column type=&#8220;4_4&#8243; _builder_version=&#8220;4.18.1&#8243; _module_preset=&#8220;default&#8220; global_colors_info=&#8220;{}&#8220;][et_pb_text _builder_version=&#8220;4.27.4&#8243; _module_preset=&#8220;default&#8220; custom_padding=&#8220;||0px||false|false&#8220; global_colors_info=&#8220;{}&#8220;]<\/p>\n<h1>Deltafliegen auf dem Uetliberg\/ Uto Kulm, Uetliberg Balderen oder der Alp Scheidegg<\/h1>\n<p>[\/et_pb_text][et_pb_divider _builder_version=&#8220;4.19.2&#8243; _module_preset=&#8220;default&#8220; custom_margin=&#8220;0px||0px||false|false&#8220; custom_padding=&#8220;0px||0px||false|false&#8220; global_colors_info=&#8220;{}&#8220;][\/et_pb_divider][et_pb_text _builder_version=&#8220;4.27.4&#8243; _module_preset=&#8220;default&#8220; global_colors_info=&#8220;{}&#8220;]<\/p>\n<p>Deltafliegen ist die nat\u00fcrlichste Art des Fliegens, da es den Flug eines Vogels imitiert.<\/p>\n<p>Nach einem schnellen und sanften Start vom Startplatz lassen Sie sich ganz nat\u00fcrlich von den gro\u00dfen Fl\u00fcgeln zu einem Traumflug tragen. Sie fliegen \u00fcber den Z\u00fcrichsee und k\u00f6nnen die einzigartige Aussicht genie\u00dfen, w\u00e4hrend Sie bequem wie ein Vogel mit dem Kopf nach vorne liegen. <\/p>\n<p>Diese nat\u00fcrliche Position vermittelt ein unbeschreibliches Gef\u00fchl von Freiheit ohne H\u00f6henangst.<\/p>\n<p>Ihr Flug endet mit einer Landung auf Rollen, um eine optimale Sicherheit zu gew\u00e4hrleisten.<\/p>\n<p>[\/et_pb_text][\/et_pb_column][\/et_pb_row][et_pb_row _builder_version=&#8220;4.27.4&#8243; _module_preset=&#8220;default&#8220; global_colors_info=&#8220;{}&#8220;][et_pb_column type=&#8220;4_4&#8243; _builder_version=&#8220;4.27.4&#8243; _module_preset=&#8220;default&#8220; global_colors_info=&#8220;{}&#8220;][et_pb_code _builder_version=&#8220;4.27.4&#8243; _module_preset=&#8220;default&#8220; global_colors_info=&#8220;{}&#8220;]<iframe loading=\"lazy\" width=\"560\" height=\"315\" src=\"https:\/\/www.youtube.com\/embed\/p5I5cOmHjUk\" title=\"YouTube video\" frameborder=\"0\" allow=\"accelerometer; autoplay; clipboard-write; encrypted-media; gyroscope; picture-in-picture; web-share\" allowfullscreen=\"\"><\/iframe>[\/et_pb_code][\/et_pb_column][\/et_pb_row][et_pb_row column_structure=&#8220;1_2,1_2&#8243; admin_label=&#8220;row&#8220; _builder_version=&#8220;4.16&#8243; background_size=&#8220;initial&#8220; background_position=&#8220;top_left&#8220; background_repeat=&#8220;repeat&#8220; global_colors_info=&#8220;{}&#8220;][et_pb_column type=&#8220;1_2&#8243; _builder_version=&#8220;4.16&#8243; custom_padding=&#8220;|||&#8220; global_colors_info=&#8220;{}&#8220; custom_padding__hover=&#8220;|||&#8220;][et_pb_cta title=&#8220;Buchen Sie einen Flug mit dem<br \/>Deltasegler&#8220; button_url=&#8220;http:\/\/www.deltatandemflug.ch\/en\/produit\/tandem-hang-gliding\/&#8220; button_text=&#8220;Tandemfl\u00fcge ansehen&#8220; _builder_version=&#8220;4.27.4&#8243; _module_preset=&#8220;default&#8220; animation_style=&#8220;zoom&#8220; hover_enabled=&#8220;0&#8243; box_shadow_style=&#8220;preset1&#8243; global_colors_info=&#8220;{}&#8220; sticky_enabled=&#8220;0&#8243;]<\/p>\n<p>Bestellen Sie online und erhalten Sie Ihre Bordkarte per E-Mail.<br \/>Tandemfl\u00fcge ansehen<\/p>\n<p>[\/et_pb_cta][et_pb_divider _builder_version=&#8220;4.19.2&#8243; _module_preset=&#8220;default&#8220; custom_margin=&#8220;0px||0px||false|false&#8220; custom_padding=&#8220;0px||0px||false|false&#8220; global_colors_info=&#8220;{}&#8220;][\/et_pb_divider][\/et_pb_column][et_pb_column type=&#8220;1_2&#8243; _builder_version=&#8220;4.16&#8243; custom_padding=&#8220;|||&#8220; global_colors_info=&#8220;{}&#8220; custom_padding__hover=&#8220;|||&#8220;][et_pb_cta title=&#8220;Deltafliegen lernen&#8220; button_url=&#8220;http:\/\/www.deltatandemflug.ch\/de\/drachenflugkurse\/&#8220; button_text=&#8220;Zur den KursenZu den Praktika&#8220; _builder_version=&#8220;4.16&#8243; _module_preset=&#8220;default&#8220; animation_style=&#8220;zoom&#8220; box_shadow_style=&#8220;preset1&#8243; global_colors_info=&#8220;{}&#8220;]<\/p>\n<p>Ist es an der Zeit, mit den eigenen Fl\u00fcgeln fliegen zu lernen?<br \/>Lernen Sie das sichere Fliegen mit einem Fluglehrer. <\/p>\n<p>[\/et_pb_cta][et_pb_divider _builder_version=&#8220;4.19.2&#8243; _module_preset=&#8220;default&#8220; global_colors_info=&#8220;{}&#8220;][\/et_pb_divider][\/et_pb_column][\/et_pb_row][\/et_pb_section][et_pb_section fb_built=&#8220;1&#8243; admin_label=&#8220;section&#8220; _builder_version=&#8220;4.19.2&#8243; custom_margin=&#8220;0px||0px||false|false&#8220; custom_padding=&#8220;0px||0px||false|false&#8220; global_colors_info=&#8220;{}&#8220;][\/et_pb_section]<\/p>\n","protected":false},"excerpt":{"rendered":"<p>Vom einfachen Deltatandemflug bis zum Deltaflugkurs, um selbstst\u00e4ndig fliegen zu lernen.Deltafliegen auf dem Uetliberg\/ Uto Kulm, Uetliberg Balderen oder der Alp ScheideggDeltafliegen ist die nat\u00fcrlichste Art des Fliegens, da es den Flug eines Vogels imitiert. Nach einem schnellen und sanften Start vom Startplatz lassen Sie sich ganz nat\u00fcrlich von den gro\u00dfen Fl\u00fcgeln zu einem Traumflug [&hellip;]<\/p>\n","protected":false},"author":2,"featured_media":0,"parent":0,"menu_order":0,"comment_status":"closed","ping_status":"closed","template":"","meta":{"_et_pb_use_builder":"on","_et_pb_old_content":"","_et_gb_content_width":"","footnotes":""},"class_list":["post-521","page","type-page","status-publish","hentry"],"_links":{"self":[{"href":"https:\/\/www.deltatandemflug.ch\/de\/wp-json\/wp\/v2\/pages\/521","targetHints":{"allow":["GET"]}}],"collection":[{"href":"https:\/\/www.deltatandemflug.ch\/de\/wp-json\/wp\/v2\/pages"}],"about":[{"href":"https:\/\/www.deltatandemflug.ch\/de\/wp-json\/wp\/v2\/types\/page"}],"author":[{"embeddable":true,"href":"https:\/\/www.deltatandemflug.ch\/de\/wp-json\/wp\/v2\/users\/2"}],"replies":[{"embeddable":true,"href":"https:\/\/www.deltatandemflug.ch\/de\/wp-json\/wp\/v2\/comments?post=521"}],"version-history":[{"count":19,"href":"https:\/\/www.deltatandemflug.ch\/de\/wp-json\/wp\/v2\/pages\/521\/revisions"}],"predecessor-version":[{"id":886,"href":"https:\/\/www.deltatandemflug.ch\/de\/wp-json\/wp\/v2\/pages\/521\/revisions\/886"}],"wp:attachment":[{"href":"https:\/\/www.deltatandemflug.ch\/de\/wp-json\/wp\/v2\/media?parent=521"}],"curies":[{"name":"wp","href":"https:\/\/api.w.org\/{rel}","templated":true}]}}